{"id":1879,"date":"2021-01-18T20:33:22","date_gmt":"2021-01-18T19:33:22","guid":{"rendered":"https:\/\/nordicdesignshop.lu\/shop\/unkategorisiert\/drop-design-fireen\/"},"modified":"2022-01-04T10:39:12","modified_gmt":"2022-01-04T09:39:12","slug":"drop-design-fire-bioethanol","status":"publish","type":"product","link":"https:\/\/nordicdesignshop.lu\/de\/shop\/drop-design-fire\/drop-design-fire-bioethanol\/","title":{"rendered":"Brasero &#8211; Bio\u00e9thanol"},"content":{"rendered":"<p align=\"justify\">Der Drop Design Fire Bioethanol ist das ideale Zubeh\u00f6r f\u00fcr <a href=\"https:\/\/nordicdesignshop.lu\/de\/shop\/drop-design-fire\/drop-design-fire\/\" target=\"_blank\" rel=\"noopener\">DROP DESIGN FIRE<\/a>. Der Bioethanol-Tr\u00f6pfchen fungiert als separate Gl\u00fchbirne, sodass Sie Ihr Drop-Kaminfeuer ganz normal mit Holz oder Holzkohle betreiben k\u00f6nnen. Wenn Sie eine ruhigere Atmosph\u00e4re ben\u00f6tigen, k\u00f6nnen Sie den Bioethanol-Deckel verwenden. Es ist auch m\u00f6glich, den Ethanolbrenner in geschlossenen R\u00e4umen zu verwenden, sofern eine ausreichende Bel\u00fcftung des Raumes vorhanden ist.<\/p>\n<p align=\"justify\">Der Drop Design Fire Bioethanolbrenner pr\u00e4sentiert sich als Tr\u00f6pfchen mit integriertem Bioethanoltank. Es ist m\u00f6glich, den Tank mit maximal 1,5 Liter Bioethanol zu bef\u00fcllen. Das Betanken erfolgt entweder an den R\u00e4ndern des Tropfens oder durch Anheben des Tropfens vom Deckel und Einf\u00fcllen des Bioethanols in den Tank. Das Designfeuer brennt mit 1,5 Liter Bioethanol ca. 1,5 Stunden.<\/p>\n<h3 align=\"justify\">INSTRUCTIONS<\/h3>\n<ul>\n<li>\n<p align=\"justify\">Beim Bef\u00fcllen des Brenners mit Bioethanol sollte der Fl\u00fcssigkeitsstand nicht h\u00f6her als die H\u00f6he des Tellers (ca. 1,5 Liter) sein.<\/p>\n<\/li>\n<li>\n<p align=\"justify\">Bioethanol sollte nicht in einen brennenden oder hei\u00dfen Brenner gegeben werden.<\/p>\n<\/li>\n<li>\n<p align=\"justify\">Der Brenner muss sich vor dem Betanken f\u00fchlbar abgek\u00fchlt haben.<\/p>\n<\/li>\n<li>\n<p align=\"justify\">Bioethanol darf nicht in den Kamin oder auf andere Oberfl\u00e4chen des Kamins als im Inneren des Brenners gegossen werden.<\/p>\n<\/li>\n<li>\n<p align=\"justify\">Bioethanol verbraucht bei der Verbrennung viel Sauerstoff, daher muss in engen R\u00e4umen f\u00fcr ausreichende Bel\u00fcftung gesorgt werden.<\/p>\n<\/li>\n<li>\n<p align=\"justify\">Das Feuer wird durch Aufsetzen des Deckels gel\u00f6scht.<\/p>\n<\/li>\n<\/ul>\n","protected":false},"excerpt":{"rendered":"<p align=\"justify\">Das offene Feuer von Design Fire beinhaltet :<\/p>\n<ul>\n<li>\n<p align=\"justify\">Der Fu\u00df des offenen Feuers<\/p>\n<\/li>\n<li>\n<p align=\"justify\">Das Zubeh\u00f6r \u201eBioethanolbrenner\u201c<\/p>\n<\/li>\n<li>\n<p align=\"justify\">Eine quadratische Abdeckung, die f\u00fcr ein offenes Feuer geeignet ist, was dieses Au\u00dfenfeuer zu einem eleganten Tisch f\u00fcr die Terrasse macht.<\/p>\n<\/li>\n<\/ul>\n","protected":false},"featured_media":5859,"template":"","meta":{"content-type":""},"product_cat":[122],"product_tag":[],"class_list":{"0":"post-1879","1":"product","2":"type-product","3":"status-publish","4":"has-post-thumbnail","6":"product_cat-drop-design-fire","8":"first","9":"instock","10":"shipping-taxable","11":"purchasable","12":"product-type-simple"},"yoast_head":"<!-- This site is optimized with the Yoast SEO plugin v23.1 - https:\/\/yoast.com\/wordpress\/plugins\/seo\/ -->\n<title>Brasero - Bio\u00e9thanol - Nordic Design Shop<\/title>\n<meta name=\"description\" content=\"Entdecken Sie das ideale Zubeh\u00f6r f\u00fcr das offene Feuer von Drop Design Fire: das Bioethanol Drop Design Fire in Tropfenform.\" \/>\n<meta name=\"robots\" content=\"index, follow, max-snippet:-1, max-image-preview:large, max-video-preview:-1\" \/>\n<link rel=\"canonical\" href=\"https:\/\/nordicdesignshop.lu\/de\/shop\/drop-design-fire\/drop-design-fire-bioethanol\/\" \/>\n<meta property=\"og:locale\" content=\"de_DE\" \/>\n<meta property=\"og:type\" content=\"article\" \/>\n<meta property=\"og:title\" content=\"Brasero - Bio\u00e9thanol - Nordic Design Shop\" \/>\n<meta property=\"og:description\" content=\"Entdecken Sie das ideale Zubeh\u00f6r f\u00fcr das offene Feuer von Drop Design Fire: das Bioethanol Drop Design Fire in Tropfenform.\" \/>\n<meta property=\"og:url\" content=\"https:\/\/nordicdesignshop.lu\/de\/shop\/drop-design-fire\/drop-design-fire-bioethanol\/\" \/>\n<meta property=\"og:site_name\" content=\"Nordic Design Shop\" \/>\n<meta property=\"article:publisher\" content=\"https:\/\/www.facebook.com\/NordicDesignShop\/\" \/>\n<meta property=\"article:modified_time\" content=\"2022-01-04T09:39:12+00:00\" \/>\n<meta property=\"og:image\" content=\"https:\/\/nordicdesignshop.lu\/wp-content\/uploads\/2021\/01\/Nordic-design-shop-Drop-Design-Fire-Bioethanol-Feu-ouvert-1.webp\" \/>\n\t<meta property=\"og:image:width\" content=\"1024\" \/>\n\t<meta property=\"og:image:height\" content=\"1024\" \/>\n\t<meta property=\"og:image:type\" content=\"image\/webp\" \/>\n<meta name=\"twitter:card\" content=\"summary_large_image\" \/>\n<meta name=\"twitter:label1\" content=\"Gesch\u00e4tzte Lesezeit\" \/>\n\t<meta name=\"twitter:data1\" content=\"1\u00a0Minute\" \/>\n<script type=\"application\/ld+json\" class=\"yoast-schema-graph\">{\"@context\":\"https:\/\/schema.org\",\"@graph\":[{\"@type\":\"WebPage\",\"@id\":\"https:\/\/nordicdesignshop.lu\/de\/shop\/drop-design-fire\/drop-design-fire-bioethanol\/\",\"url\":\"https:\/\/nordicdesignshop.lu\/de\/shop\/drop-design-fire\/drop-design-fire-bioethanol\/\",\"name\":\"Brasero - Bio\u00e9thanol - Nordic Design Shop\",\"isPartOf\":{\"@id\":\"https:\/\/nordicdesignshop.lu\/de\/#website\"},\"primaryImageOfPage\":{\"@id\":\"https:\/\/nordicdesignshop.lu\/de\/shop\/drop-design-fire\/drop-design-fire-bioethanol\/#primaryimage\"},\"image\":{\"@id\":\"https:\/\/nordicdesignshop.lu\/de\/shop\/drop-design-fire\/drop-design-fire-bioethanol\/#primaryimage\"},\"thumbnailUrl\":\"https:\/\/nordicdesignshop.lu\/wp-content\/uploads\/2021\/01\/Nordic-design-shop-Drop-Design-Fire-Bioethanol-Feu-ouvert-1.webp\",\"datePublished\":\"2021-01-18T19:33:22+00:00\",\"dateModified\":\"2022-01-04T09:39:12+00:00\",\"description\":\"Entdecken Sie das ideale Zubeh\u00f6r f\u00fcr das offene Feuer von Drop Design Fire: das Bioethanol Drop Design Fire in Tropfenform.\",\"breadcrumb\":{\"@id\":\"https:\/\/nordicdesignshop.lu\/de\/shop\/drop-design-fire\/drop-design-fire-bioethanol\/#breadcrumb\"},\"inLanguage\":\"de\",\"potentialAction\":[{\"@type\":\"ReadAction\",\"target\":[\"https:\/\/nordicdesignshop.lu\/de\/shop\/drop-design-fire\/drop-design-fire-bioethanol\/\"]}]},{\"@type\":\"ImageObject\",\"inLanguage\":\"de\",\"@id\":\"https:\/\/nordicdesignshop.lu\/de\/shop\/drop-design-fire\/drop-design-fire-bioethanol\/#primaryimage\",\"url\":\"https:\/\/nordicdesignshop.lu\/wp-content\/uploads\/2021\/01\/Nordic-design-shop-Drop-Design-Fire-Bioethanol-Feu-ouvert-1.webp\",\"contentUrl\":\"https:\/\/nordicdesignshop.lu\/wp-content\/uploads\/2021\/01\/Nordic-design-shop-Drop-Design-Fire-Bioethanol-Feu-ouvert-1.webp\",\"width\":1024,\"height\":1024,\"caption\":\"Drop Design Fire - Bioethanol\"},{\"@type\":\"BreadcrumbList\",\"@id\":\"https:\/\/nordicdesignshop.lu\/de\/shop\/drop-design-fire\/drop-design-fire-bioethanol\/#breadcrumb\",\"itemListElement\":[{\"@type\":\"ListItem\",\"position\":1,\"name\":\"Accueil\",\"item\":\"https:\/\/nordicdesignshop.lu\/de\/\"},{\"@type\":\"ListItem\",\"position\":2,\"name\":\"Einkaufen\",\"item\":\"https:\/\/nordicdesignshop.lu\/de\/einkaufen\/\"},{\"@type\":\"ListItem\",\"position\":3,\"name\":\"Brasero &#8211; Bio\u00e9thanol\"}]},{\"@type\":\"WebSite\",\"@id\":\"https:\/\/nordicdesignshop.lu\/de\/#website\",\"url\":\"https:\/\/nordicdesignshop.lu\/de\/\",\"name\":\"Nordic Design Shop\",\"description\":\"Drop | Jacuzzi | Spa\",\"publisher\":{\"@id\":\"https:\/\/nordicdesignshop.lu\/de\/#organization\"},\"potentialAction\":[{\"@type\":\"SearchAction\",\"target\":{\"@type\":\"EntryPoint\",\"urlTemplate\":\"https:\/\/nordicdesignshop.lu\/de\/?s={search_term_string}\"},\"query-input\":\"required name=search_term_string\"}],\"inLanguage\":\"de\"},{\"@type\":\"Organization\",\"@id\":\"https:\/\/nordicdesignshop.lu\/de\/#organization\",\"name\":\"Nordic Design Shop\",\"url\":\"https:\/\/nordicdesignshop.lu\/de\/\",\"logo\":{\"@type\":\"ImageObject\",\"inLanguage\":\"de\",\"@id\":\"https:\/\/nordicdesignshop.lu\/de\/#\/schema\/logo\/image\/\",\"url\":\"https:\/\/nordicdesignshop.lu\/wp-content\/uploads\/2021\/03\/cropped-Sans-titre-1.jpg\",\"contentUrl\":\"https:\/\/nordicdesignshop.lu\/wp-content\/uploads\/2021\/03\/cropped-Sans-titre-1.jpg\",\"width\":512,\"height\":512,\"caption\":\"Nordic Design Shop\"},\"image\":{\"@id\":\"https:\/\/nordicdesignshop.lu\/de\/#\/schema\/logo\/image\/\"},\"sameAs\":[\"https:\/\/www.facebook.com\/NordicDesignShop\/\",\"https:\/\/www.instagram.com\/Nordic_designshop\/\",\"https:\/\/www.linkedin.com\/company\/nordic-design-shop\/\",\"https:\/\/www.youtube.com\/channel\/UCujh54MhpwQ2rXYscjfdN5Q\"]}]}<\/script>\n<!-- \/ Yoast SEO plugin. -->","yoast_head_json":{"title":"Brasero - Bio\u00e9thanol - Nordic Design Shop","description":"Entdecken Sie das ideale Zubeh\u00f6r f\u00fcr das offene Feuer von Drop Design Fire: das Bioethanol Drop Design Fire in Tropfenform.","robots":{"index":"index","follow":"follow","max-snippet":"max-snippet:-1","max-image-preview":"max-image-preview:large","max-video-preview":"max-video-preview:-1"},"canonical":"https:\/\/nordicdesignshop.lu\/de\/shop\/drop-design-fire\/drop-design-fire-bioethanol\/","og_locale":"de_DE","og_type":"article","og_title":"Brasero - Bio\u00e9thanol - Nordic Design Shop","og_description":"Entdecken Sie das ideale Zubeh\u00f6r f\u00fcr das offene Feuer von Drop Design Fire: das Bioethanol Drop Design Fire in Tropfenform.","og_url":"https:\/\/nordicdesignshop.lu\/de\/shop\/drop-design-fire\/drop-design-fire-bioethanol\/","og_site_name":"Nordic Design Shop","article_publisher":"https:\/\/www.facebook.com\/NordicDesignShop\/","article_modified_time":"2022-01-04T09:39:12+00:00","og_image":[{"width":1024,"height":1024,"url":"https:\/\/nordicdesignshop.lu\/wp-content\/uploads\/2021\/01\/Nordic-design-shop-Drop-Design-Fire-Bioethanol-Feu-ouvert-1.webp","type":"image\/webp"}],"twitter_card":"summary_large_image","twitter_misc":{"Gesch\u00e4tzte Lesezeit":"1\u00a0Minute"},"schema":{"@context":"https:\/\/schema.org","@graph":[{"@type":"WebPage","@id":"https:\/\/nordicdesignshop.lu\/de\/shop\/drop-design-fire\/drop-design-fire-bioethanol\/","url":"https:\/\/nordicdesignshop.lu\/de\/shop\/drop-design-fire\/drop-design-fire-bioethanol\/","name":"Brasero - Bio\u00e9thanol - Nordic Design Shop","isPartOf":{"@id":"https:\/\/nordicdesignshop.lu\/de\/#website"},"primaryImageOfPage":{"@id":"https:\/\/nordicdesignshop.lu\/de\/shop\/drop-design-fire\/drop-design-fire-bioethanol\/#primaryimage"},"image":{"@id":"https:\/\/nordicdesignshop.lu\/de\/shop\/drop-design-fire\/drop-design-fire-bioethanol\/#primaryimage"},"thumbnailUrl":"https:\/\/nordicdesignshop.lu\/wp-content\/uploads\/2021\/01\/Nordic-design-shop-Drop-Design-Fire-Bioethanol-Feu-ouvert-1.webp","datePublished":"2021-01-18T19:33:22+00:00","dateModified":"2022-01-04T09:39:12+00:00","description":"Entdecken Sie das ideale Zubeh\u00f6r f\u00fcr das offene Feuer von Drop Design Fire: das Bioethanol Drop Design Fire in Tropfenform.","breadcrumb":{"@id":"https:\/\/nordicdesignshop.lu\/de\/shop\/drop-design-fire\/drop-design-fire-bioethanol\/#breadcrumb"},"inLanguage":"de","potentialAction":[{"@type":"ReadAction","target":["https:\/\/nordicdesignshop.lu\/de\/shop\/drop-design-fire\/drop-design-fire-bioethanol\/"]}]},{"@type":"ImageObject","inLanguage":"de","@id":"https:\/\/nordicdesignshop.lu\/de\/shop\/drop-design-fire\/drop-design-fire-bioethanol\/#primaryimage","url":"https:\/\/nordicdesignshop.lu\/wp-content\/uploads\/2021\/01\/Nordic-design-shop-Drop-Design-Fire-Bioethanol-Feu-ouvert-1.webp","contentUrl":"https:\/\/nordicdesignshop.lu\/wp-content\/uploads\/2021\/01\/Nordic-design-shop-Drop-Design-Fire-Bioethanol-Feu-ouvert-1.webp","width":1024,"height":1024,"caption":"Drop Design Fire - Bioethanol"},{"@type":"BreadcrumbList","@id":"https:\/\/nordicdesignshop.lu\/de\/shop\/drop-design-fire\/drop-design-fire-bioethanol\/#breadcrumb","itemListElement":[{"@type":"ListItem","position":1,"name":"Accueil","item":"https:\/\/nordicdesignshop.lu\/de\/"},{"@type":"ListItem","position":2,"name":"Einkaufen","item":"https:\/\/nordicdesignshop.lu\/de\/einkaufen\/"},{"@type":"ListItem","position":3,"name":"Brasero &#8211; Bio\u00e9thanol"}]},{"@type":"WebSite","@id":"https:\/\/nordicdesignshop.lu\/de\/#website","url":"https:\/\/nordicdesignshop.lu\/de\/","name":"Nordic Design Shop","description":"Drop | Jacuzzi | Spa","publisher":{"@id":"https:\/\/nordicdesignshop.lu\/de\/#organization"},"potentialAction":[{"@type":"SearchAction","target":{"@type":"EntryPoint","urlTemplate":"https:\/\/nordicdesignshop.lu\/de\/?s={search_term_string}"},"query-input":"required name=search_term_string"}],"inLanguage":"de"},{"@type":"Organization","@id":"https:\/\/nordicdesignshop.lu\/de\/#organization","name":"Nordic Design Shop","url":"https:\/\/nordicdesignshop.lu\/de\/","logo":{"@type":"ImageObject","inLanguage":"de","@id":"https:\/\/nordicdesignshop.lu\/de\/#\/schema\/logo\/image\/","url":"https:\/\/nordicdesignshop.lu\/wp-content\/uploads\/2021\/03\/cropped-Sans-titre-1.jpg","contentUrl":"https:\/\/nordicdesignshop.lu\/wp-content\/uploads\/2021\/03\/cropped-Sans-titre-1.jpg","width":512,"height":512,"caption":"Nordic Design Shop"},"image":{"@id":"https:\/\/nordicdesignshop.lu\/de\/#\/schema\/logo\/image\/"},"sameAs":["https:\/\/www.facebook.com\/NordicDesignShop\/","https:\/\/www.instagram.com\/Nordic_designshop\/","https:\/\/www.linkedin.com\/company\/nordic-design-shop\/","https:\/\/www.youtube.com\/channel\/UCujh54MhpwQ2rXYscjfdN5Q"]}]}},"_links":{"self":[{"href":"https:\/\/nordicdesignshop.lu\/de\/wp-json\/wp\/v2\/product\/1879","targetHints":{"allow":["GET"]}}],"collection":[{"href":"https:\/\/nordicdesignshop.lu\/de\/wp-json\/wp\/v2\/product"}],"about":[{"href":"https:\/\/nordicdesignshop.lu\/de\/wp-json\/wp\/v2\/types\/product"}],"wp:featuredmedia":[{"embeddable":true,"href":"https:\/\/nordicdesignshop.lu\/de\/wp-json\/wp\/v2\/media\/5859"}],"wp:attachment":[{"href":"https:\/\/nordicdesignshop.lu\/de\/wp-json\/wp\/v2\/media?parent=1879"}],"wp:term":[{"taxonomy":"product_cat","embeddable":true,"href":"https:\/\/nordicdesignshop.lu\/de\/wp-json\/wp\/v2\/product_cat?post=1879"},{"taxonomy":"product_tag","embeddable":true,"href":"https:\/\/nordicdesignshop.lu\/de\/wp-json\/wp\/v2\/product_tag?post=1879"}],"curies":[{"name":"wp","href":"https:\/\/api.w.org\/{rel}","templated":true}]}}